{"id":99,"date":"2010-06-01T04:45:26","date_gmt":"2010-06-01T02:45:26","guid":{"rendered":"http:\/\/abc-latina.com\/peninsule-valdes-php\/"},"modified":"2026-04-30T18:24:45","modified_gmt":"2026-04-30T16:24:45","slug":"peninsule-valdes","status":"publish","type":"page","link":"https:\/\/abc-latina.com\/argentine\/peninsule-valdes\/","title":{"rendered":"PENINSULE VALDES"},"content":{"rendered":"<p><img loading=\"lazy\" decoding=\"async\" class=\" size-full wp-image-98\" src=\"http:\/\/abc-latina.com\/wp-content\/uploads\/2010\/06\/005-peninsule-valdes-argentine.jpg\" title=\"PENINSULE VALDES\" alt=\"PENINSULE VALDES\" width=\"480\" height=\"315\" srcset=\"https:\/\/abc-latina.com\/wp-content\/uploads\/2010\/06\/005-peninsule-valdes-argentine.jpg 555w, https:\/\/abc-latina.com\/wp-content\/uploads\/2010\/06\/005-peninsule-valdes-argentine-300x197.jpg 300w\" sizes=\"auto, (max-width: 480px) 100vw, 480px\" \/><\/p>\n<p>Cette r\u00e9gion est devenue zone prot\u00e9g\u00e9e en raison de la richesse de faune marine qui vit dans les deux baies de la p\u00e9ninsule.<br \/> De grands troupeaux de <a href=\"https:\/\/www.abc-latina.com\/amerique_latine\/flore-faune\/lion_de_mer.php\" target=\"_blank\">loups de mer et d&rsquo;\u00e9l\u00e9phants de mer<\/a> colonisent les plages au moment des amours, de m\u00eame que les pingouins qui nichent dans les falaises.<br \/> Entre juillet et d\u00e9cembre les <a href=\"https:\/\/www.abc-latina.com\/amerique_latine\/flore-faune\/baleine-franche.php\" target=\"_blank\">baleines franches<\/a>, longent de 12 \u00e0 15 m\u00e8tres y \u00e9lisent domicile et y trouvent un havre de paix au moment de leurs amours.<br \/> <a href=\"tour_operateur\" target=\"_blank\"><img loading=\"lazy\" decoding=\"async\" class=\" size-full wp-image-41\" alt=\"\" class=\"touroperateur\" src=\"http:\/\/abc-latina.com\/wp-content\/uploads\/2010\/04\/timbre_to.gif\" width=\"125\" height=\"90\" \/><\/a>La <span class=\"tourisme-chapitre\">P\u00e9ninsule Vald\u00e9s<\/span> est sans doute l&rsquo;un des endroits au monde les plus exceptionnels pour pouvoir les approcher, presque les toucher. Des canots et des zodiacs emm\u00e8nent les touristes sur les lieux de repos de ces baleines qui semblent prendre un malin plaisir \u00e0 fr\u00f4ler les embarcations.<\/p>\n<p>&nbsp;<\/p>\n<p>P\u00e9riode o\u00f9 vous pourrez voir la faune \u00e0 la p\u00e9ninsule Vald\u00e9s<\/p>\n<table width=\"100%\" cellspacing=\"0\" cellpadding=\"1\" border=\"1\">\n<tbody>\n<tr>\n<td style=\"\" width=\"144\">&nbsp;<\/td>\n<td style=\"text-align: center; \" width=\"36\"><span style=\"font-size: xx-small; \">jan<\/span><\/td>\n<td style=\"text-align: center; \" width=\"36\"><span style=\"font-size: xx-small; \">fev<\/span><\/td>\n<td style=\"text-align: center; \" width=\"43\"><span style=\"font-size: xx-small; \">mar<\/span><\/td>\n<td style=\"text-align: center; \" width=\"37\"><span style=\"font-size: xx-small; \">avr<\/span><\/td>\n<td style=\"text-align: center; \" width=\"40\"><span style=\"font-size: xx-small; \">mai<\/span><\/td>\n<td style=\"text-align: center; \" width=\"34\"><span style=\"font-size: xx-small; \">jui<\/span><\/td>\n<td style=\"text-align: center; \" width=\"28\"><span style=\"font-size: xx-small; \">jul<\/span><\/td>\n<td style=\"text-align: center; \" width=\"42\"><span style=\"font-size: xx-small; \">aou<\/span><\/td>\n<td style=\"text-align: center; \" width=\"41\"><span style=\"font-size: xx-small; \">sep<\/span><\/td>\n<td style=\"text-align: center; \" width=\"38\"><span style=\"font-size: xx-small; \">oct<\/span><\/td>\n<td style=\"text-align: center; \" width=\"42\"><span style=\"font-size: xx-small; \">nov<\/span><\/td>\n<td style=\"text-align: center; \" width=\"43\"><span style=\"font-size: xx-small; \">dec<\/span><\/td>\n<\/tr>\n<tr>\n<td style=\"text-align: left; \" width=\"144\"><span style=\"font-size: xx-small; \">Baleines<\/span><\/td>\n<td style=\"text-align: center; \" width=\"36\"><span style=\"font-size: smaller; \">&nbsp;<\/span><\/td>\n<td style=\"text-align: center; \" width=\"36\"><span style=\"font-size: smaller; \">&nbsp;<\/span><\/td>\n<td style=\"text-align: center; \" width=\"43\"><span style=\"font-size: smaller; \">&nbsp;<\/span><\/td>\n<td style=\"text-align: center; \" width=\"37\"><span style=\"font-size: smaller; \">&nbsp;<\/span><\/td>\n<td style=\"text-align: center; \" width=\"40\"><span style=\"font-size: smaller; \">&nbsp;<\/span><\/td>\n<td style=\"text-align: center; \" width=\"34\"><span style=\"font-size: smaller; \">&nbsp;<\/span><\/td>\n<td style=\"text-align: center; \" width=\"28\"><span style=\"font-size: smaller; \">x<\/span><\/td>\n<td style=\"text-align: center; \" width=\"42\"><span style=\"font-size: smaller; \">x<\/span><\/td>\n<td style=\"text-align: center; \" width=\"41\"><span style=\"font-size: smaller; \">x<\/span><\/td>\n<td style=\"text-align: center; \" width=\"38\"><span style=\"font-size: smaller; \">x<\/span><\/td>\n<td style=\"text-align: center; \" width=\"42\"><span style=\"font-size: smaller; \">x<\/span><\/td>\n<td style=\"text-align: center; \" width=\"43\"><span style=\"font-size: smaller; \">x<\/span><\/td>\n<\/tr>\n<tr>\n<td style=\"text-align: left; \" width=\"144\"><span style=\"font-size: xx-small; \">Pinguins<\/span><\/td>\n<td style=\"text-align: center; \" width=\"36\"><span style=\"font-size: smaller; \">x<\/span><\/td>\n<td style=\"text-align: center; \" width=\"36\"><span style=\"font-size: smaller; \">x<\/span><\/td>\n<td style=\"text-align: center; \" width=\"43\"><span style=\"font-size: smaller; \">x<\/span><\/td>\n<td style=\"text-align: center; \" width=\"37\"><span style=\"font-size: smaller; \">&nbsp;<\/span><\/td>\n<td style=\"text-align: center; \" width=\"40\"><span style=\"font-size: smaller; \">&nbsp;<\/span><\/td>\n<td style=\"text-align: center; \" width=\"34\"><span style=\"font-size: smaller; \">&nbsp;<\/span><\/td>\n<td style=\"text-align: center; \" width=\"28\"><span style=\"font-size: smaller; \">&nbsp;<\/span><\/td>\n<td style=\"text-align: center; \" width=\"42\"><span style=\"font-size: smaller; \">&nbsp;<\/span><\/td>\n<td style=\"text-align: center; \" width=\"41\"><span style=\"font-size: smaller; \">x<\/span><\/td>\n<td style=\"text-align: center; \" width=\"38\"><span style=\"font-size: smaller; \">x<\/span><\/td>\n<td style=\"text-align: center; \" width=\"42\"><span style=\"font-size: smaller; \">x<\/span><\/td>\n<td style=\"text-align: center; \" width=\"43\"><span style=\"font-size: smaller; \">x<\/span><\/td>\n<\/tr>\n<tr>\n<td style=\"text-align: left; \" width=\"144\"><span style=\"font-size: xx-small; \">Otaries<\/span><\/td>\n<td style=\"text-align: center; \" width=\"36\"><span style=\"font-size: smaller; \">x<\/span><\/td>\n<td style=\"text-align: center; \" width=\"36\"><span style=\"font-size: smaller; \">x<\/span><\/td>\n<td style=\"text-align: center; \" width=\"43\"><span style=\"font-size: smaller; \">x<\/span><\/td>\n<td style=\"text-align: center; \" width=\"37\"><span style=\"font-size: smaller; \">x<\/span><\/td>\n<td style=\"text-align: center; \" width=\"40\"><span style=\"font-size: smaller; \">x<\/span><\/td>\n<td style=\"text-align: center; \" width=\"34\"><span style=\"font-size: smaller; \">x<\/span><\/td>\n<td style=\"text-align: center; \" width=\"28\"><span style=\"font-size: smaller; \">x<\/span><\/td>\n<td style=\"text-align: center; \" width=\"42\"><span style=\"font-size: smaller; \">x<\/span><\/td>\n<td style=\"text-align: center; \" width=\"41\"><span style=\"font-size: smaller; \">x<\/span><\/td>\n<td style=\"text-align: center; \" width=\"38\"><span style=\"font-size: smaller; \">x<\/span><\/td>\n<td style=\"text-align: center; \" width=\"42\"><span style=\"font-size: smaller; \">x<\/span><\/td>\n<td style=\"text-align: center; \" width=\"43\"><span style=\"font-size: smaller; \">x<\/span><\/td>\n<\/tr>\n<tr>\n<td style=\"text-align: left; \" width=\"144\"><span style=\"font-size: xx-small; \">El\u00e9phants de mer<\/span><\/td>\n<td style=\"text-align: center; \" width=\"36\"><span style=\"font-size: smaller; \">x<\/span><\/td>\n<td style=\"text-align: center; \" width=\"36\"><span style=\"font-size: smaller; \">x<\/span><\/td>\n<td style=\"text-align: center; \" width=\"43\"><span style=\"font-size: smaller; \">x<\/span><\/td>\n<td style=\"text-align: center; \" width=\"37\"><span style=\"font-size: smaller; \">x<\/span><\/td>\n<td style=\"text-align: center; \" width=\"40\"><span style=\"font-size: smaller; \">x<\/span><\/td>\n<td style=\"text-align: center; \" width=\"34\"><span style=\"font-size: smaller; \">x<\/span><\/td>\n<td style=\"text-align: center; \" width=\"28\"><span style=\"font-size: smaller; \">x<\/span><\/td>\n<td style=\"text-align: center; \" width=\"42\"><span style=\"font-size: smaller; \">x<\/span><\/td>\n<td style=\"text-align: center; \" width=\"41\"><span style=\"font-size: smaller; \">x<\/span><\/td>\n<td style=\"text-align: center; \" width=\"38\"><span style=\"font-size: smaller; \">x<\/span><\/td>\n<td style=\"text-align: center; \" width=\"42\"><span style=\"font-size: smaller; \">x<\/span><\/td>\n<td style=\"text-align: center; \" width=\"43\"><span style=\"font-size: smaller; \">x<\/span><\/td>\n<\/tr>\n<tr>\n<td style=\"text-align: left; \" width=\"144\"><span style=\"font-size: xx-small; \">Orques<\/span><\/td>\n<td style=\"text-align: center; \" width=\"36\"><span style=\"font-size: smaller; \">x<\/span><\/td>\n<td style=\"text-align: center; \" width=\"36\"><span style=\"font-size: smaller; \">x<\/span><\/td>\n<td style=\"text-align: center; \" width=\"43\"><span style=\"font-size: smaller; \">x<\/span><\/td>\n<td style=\"text-align: center; \" width=\"37\"><span style=\"font-size: smaller; \">x<\/span><\/td>\n<td style=\"text-align: center; \" width=\"40\"><span style=\"font-size: smaller; \">&nbsp;<\/span><\/td>\n<td style=\"text-align: center; \" width=\"34\"><span style=\"font-size: smaller; \">&nbsp;<\/span><\/td>\n<td style=\"text-align: center; \" width=\"28\"><span style=\"font-size: smaller; \">&nbsp;<\/span><\/td>\n<td style=\"text-align: center; \" width=\"42\"><span style=\"font-size: smaller; \">&nbsp;<\/span><\/td>\n<td style=\"text-align: center; \" width=\"41\"><span style=\"font-size: smaller; \">x<\/span><\/td>\n<td style=\"text-align: center; \" width=\"38\"><span style=\"font-size: smaller; \">x<\/span><\/td>\n<td style=\"text-align: center; \" width=\"42\"><span style=\"font-size: smaller; \">x<\/span><\/td>\n<td style=\"text-align: center; \" width=\"43\"><span style=\"font-size: smaller; \">x<\/span><\/td>\n<\/tr>\n<tr>\n<td style=\"text-align: left; \" width=\"144\"><span style=\"font-size: xx-small; \">Dauphins<\/span><\/td>\n<td style=\"text-align: center; \" width=\"36\"><span style=\"font-size: smaller; \">x<\/span><\/td>\n<td style=\"text-align: center; \" width=\"36\"><span style=\"font-size: smaller; \">x<\/span><\/td>\n<td style=\"text-align: center; \" width=\"43\"><span style=\"font-size: smaller; \">x<\/span><\/td>\n<td style=\"text-align: center; \" width=\"37\"><span style=\"font-size: smaller; \">&nbsp;<\/span><\/td>\n<td style=\"text-align: center; \" width=\"40\"><span style=\"font-size: smaller; \">&nbsp;<\/span><\/td>\n<td style=\"text-align: center; \" width=\"34\"><span style=\"font-size: smaller; \">&nbsp;<\/span><\/td>\n<td style=\"text-align: center; \" width=\"28\"><span style=\"font-size: smaller; \">&nbsp;<\/span><\/td>\n<td style=\"text-align: center; \" width=\"42\"><span style=\"font-size: smaller; \">&nbsp;<\/span><\/td>\n<td style=\"text-align: center; \" width=\"41\"><span style=\"font-size: smaller; \">&nbsp;<\/span><\/td>\n<td style=\"text-align: center; \" width=\"38\"><span style=\"font-size: smaller; \">&nbsp;<\/span><\/td>\n<td style=\"text-align: center; \" width=\"42\"><span style=\"font-size: smaller; \">&nbsp;<\/span><\/td>\n<td style=\"text-align: center; \" width=\"43\"><span style=\"font-size: smaller; \">x<\/span><\/td>\n<\/tr>\n<tr>\n<td style=\"text-align: left; \" width=\"144\"><span style=\"font-size: xx-small; \">Oiseaux<\/span><\/td>\n<td style=\"text-align: center; \" width=\"36\"><span style=\"font-size: smaller; \">x<\/span><\/td>\n<td style=\"text-align: center; \" width=\"36\"><span style=\"font-size: smaller; \">x<\/span><\/td>\n<td style=\"text-align: center; \" width=\"43\"><span style=\"font-size: smaller; \">x<\/span><\/td>\n<td style=\"text-align: center; \" width=\"37\"><span style=\"font-size: smaller; \">x<\/span><\/td>\n<td style=\"text-align: center; \" width=\"40\"><span style=\"font-size: smaller; \">x<\/span><\/td>\n<td style=\"text-align: center; \" width=\"34\"><span style=\"font-size: smaller; \">x<\/span><\/td>\n<td style=\"text-align: center; \" width=\"28\"><span style=\"font-size: smaller; \">x<\/span><\/td>\n<td style=\"text-align: center; \" width=\"42\"><span style=\"font-size: smaller; \">x<\/span><\/td>\n<td style=\"text-align: center; \" width=\"41\"><span style=\"font-size: smaller; \">x<\/span><\/td>\n<td style=\"text-align: center; \" width=\"38\"><span style=\"font-size: smaller; \">x<\/span><\/td>\n<td style=\"text-align: center; \" width=\"42\"><span style=\"font-size: smaller; \">x<\/span><\/td>\n<td style=\"text-align: center; \" width=\"43\"><span style=\"font-size: smaller; \">x<\/span><\/td>\n<\/tr>\n<\/tbody>\n<\/table>\n<p>&nbsp;<\/p>\n<p><a href=\"https:\/\/www.abc-latina.com\/amerique_latine\/flore-faune\/\" target=\"_blank\">La faune en Am\u00e9rique latine<\/a><\/p>\n<h3>Pr\u00e9parez votre voyage \u00e0 la P\u00e9ninsule Vald\u00e9s:<\/h3>\n<div><a href=\"https:\/\/www.abc-latina.com\/argentine\/agence_de_voyages\">Agences de voyage g\u00e9n\u00e9ralistes et discounteurs<\/a><\/div>\n<div><a href=\"https:\/\/www.abc-latina.com\/argentine\/tour_operateur\">Tours Op\u00e9rateurs sp\u00e9cialistes de l&rsquo;Argentine<\/a><\/div>\n<div><a href=\"https:\/\/www.abc-latina.com\/to\/reservation_billet_avion\" target=\"_blank\">R\u00e9servez votre billet d&rsquo;avion<\/a><\/div>\n<div><a href=\"hotels\">R\u00e9servez votre h\u00f4tel \u00e0 la P\u00e9ninsule Vald\u00e9s<\/a><\/div>\n<div><a href=\"https:\/\/www.abc-latina.com\/to\/location_de_voiture_argentine\" target=\"_blank\">Location de voiture<\/a><\/div>\n<p>&nbsp;<\/p>\n","protected":false},"excerpt":{"rendered":"<p>Cette r\u00e9gion est devenue zone prot\u00e9g\u00e9e en raison de la richesse de faune marine qui vit dans les deux baies [&hellip;]<\/p>\n","protected":false},"author":3,"featured_media":98,"parent":39,"menu_order":0,"comment_status":"closed","ping_status":"closed","template":"","meta":{"site-sidebar-layout":"default","site-content-layout":"","ast-site-content-layout":"default","site-content-style":"default","site-sidebar-style":"default","ast-global-header-display":"","ast-banner-title-visibility":"","ast-main-header-display":"","ast-hfb-above-header-display":"","ast-hfb-below-header-display":"","ast-hfb-mobile-header-display":"","site-post-title":"","ast-breadcrumbs-content":"","ast-featured-img":"","footer-sml-layout":"","ast-disable-related-posts":"","theme-transparent-header-meta":"","adv-header-id-meta":"","stick-header-meta":"","header-above-stick-meta":"","header-main-stick-meta":"","header-below-stick-meta":"","astra-migrate-meta-layouts":"default","ast-page-background-enabled":"default","ast-page-background-meta":{"desktop":{"background-color":"var(--ast-global-color-5)","background-image":"","background-repeat":"repeat","background-position":"center center","background-size":"auto","background-attachment":"scroll","background-type":"","background-media":"","overlay-type":"","overlay-color":"","overlay-opacity":"","overlay-gradient":""},"tablet":{"background-color":"","background-image":"","background-repeat":"repeat","background-position":"center center","background-size":"auto","background-attachment":"scroll","background-type":"","background-media":"","overlay-type":"","overlay-color":"","overlay-opacity":"","overlay-gradient":""},"mobile":{"background-color":"","background-image":"","background-repeat":"repeat","background-position":"center center","background-size":"auto","background-attachment":"scroll","background-type":"","background-media":"","overlay-type":"","overlay-color":"","overlay-opacity":"","overlay-gradient":""}},"ast-content-background-meta":{"desktop":{"background-color":"var(--ast-global-color-4)","background-image":"","background-repeat":"repeat","background-position":"center center","background-size":"auto","background-attachment":"scroll","background-type":"","background-media":"","overlay-type":"","overlay-color":"","overlay-opacity":"","overlay-gradient":""},"tablet":{"background-color":"var(--ast-global-color-4)","background-image":"","background-repeat":"repeat","background-position":"center center","background-size":"auto","background-attachment":"scroll","background-type":"","background-media":"","overlay-type":"","overlay-color":"","overlay-opacity":"","overlay-gradient":""},"mobile":{"background-color":"var(--ast-global-color-4)","background-image":"","background-repeat":"repeat","background-position":"center center","background-size":"auto","background-attachment":"scroll","background-type":"","background-media":"","overlay-type":"","overlay-color":"","overlay-opacity":"","overlay-gradient":""}},"footnotes":""},"class_list":["post-99","page","type-page","status-publish","has-post-thumbnail","hentry"],"yoast_head":"<!-- This site is optimized with the Yoast SEO plugin v27.5 - https:\/\/yoast.com\/product\/yoast-seo-wordpress\/ -->\n<title>PENINSULE VALDES - Abc-latina<\/title>\n<meta name=\"description\" content=\"La P\u00e9ninsule Vald\u00e9s est sans doute l&#039;un des endroits au monde les plus exceptionnels pour pouvoir approcher la faune marine...\" \/>\n<meta name=\"robots\" content=\"index, follow, max-snippet:-1, max-image-preview:large, max-video-preview:-1\" \/>\n<link rel=\"canonical\" href=\"https:\/\/abc-latina.com\/argentine\/peninsule-valdes\/\" \/>\n<meta property=\"og:locale\" content=\"fr_FR\" \/>\n<meta property=\"og:type\" content=\"article\" \/>\n<meta property=\"og:title\" content=\"PENINSULE VALDES - Abc-latina\" \/>\n<meta property=\"og:description\" content=\"La P\u00e9ninsule Vald\u00e9s est sans doute l&#039;un des endroits au monde les plus exceptionnels pour pouvoir approcher la faune marine...\" \/>\n<meta property=\"og:url\" content=\"https:\/\/abc-latina.com\/argentine\/peninsule-valdes\/\" \/>\n<meta property=\"og:site_name\" content=\"Abc-latina\" \/>\n<meta property=\"article:modified_time\" content=\"2026-04-30T16:24:45+00:00\" \/>\n<meta property=\"og:image\" content=\"https:\/\/abc-latina.com\/wp-content\/uploads\/2010\/06\/005-peninsule-valdes-argentine.jpg\" \/>\n\t<meta property=\"og:image:width\" content=\"555\" \/>\n\t<meta property=\"og:image:height\" content=\"364\" \/>\n\t<meta property=\"og:image:type\" content=\"image\/jpeg\" \/>\n<meta name=\"twitter:card\" content=\"summary_large_image\" \/>\n<meta name=\"twitter:label1\" content=\"Dur\u00e9e de lecture estim\u00e9e\" \/>\n\t<meta name=\"twitter:data1\" content=\"1 minute\" \/>\n<script type=\"application\/ld+json\" class=\"yoast-schema-graph\">{\"@context\":\"https:\\\/\\\/schema.org\",\"@graph\":[{\"@type\":\"WebPage\",\"@id\":\"https:\\\/\\\/abc-latina.com\\\/argentine\\\/peninsule-valdes\\\/\",\"url\":\"https:\\\/\\\/abc-latina.com\\\/argentine\\\/peninsule-valdes\\\/\",\"name\":\"PENINSULE VALDES - Abc-latina\",\"isPartOf\":{\"@id\":\"https:\\\/\\\/abc-latina.com\\\/#website\"},\"primaryImageOfPage\":{\"@id\":\"https:\\\/\\\/abc-latina.com\\\/argentine\\\/peninsule-valdes\\\/#primaryimage\"},\"image\":{\"@id\":\"https:\\\/\\\/abc-latina.com\\\/argentine\\\/peninsule-valdes\\\/#primaryimage\"},\"thumbnailUrl\":\"https:\\\/\\\/abc-latina.com\\\/wp-content\\\/uploads\\\/2010\\\/06\\\/005-peninsule-valdes-argentine.jpg\",\"datePublished\":\"2010-06-01T02:45:26+00:00\",\"dateModified\":\"2026-04-30T16:24:45+00:00\",\"description\":\"La P\u00e9ninsule Vald\u00e9s est sans doute l'un des endroits au monde les plus exceptionnels pour pouvoir approcher la faune marine...\",\"breadcrumb\":{\"@id\":\"https:\\\/\\\/abc-latina.com\\\/argentine\\\/peninsule-valdes\\\/#breadcrumb\"},\"inLanguage\":\"fr-FR\",\"potentialAction\":[{\"@type\":\"ReadAction\",\"target\":[\"https:\\\/\\\/abc-latina.com\\\/argentine\\\/peninsule-valdes\\\/\"]}]},{\"@type\":\"ImageObject\",\"inLanguage\":\"fr-FR\",\"@id\":\"https:\\\/\\\/abc-latina.com\\\/argentine\\\/peninsule-valdes\\\/#primaryimage\",\"url\":\"https:\\\/\\\/abc-latina.com\\\/wp-content\\\/uploads\\\/2010\\\/06\\\/005-peninsule-valdes-argentine.jpg\",\"contentUrl\":\"https:\\\/\\\/abc-latina.com\\\/wp-content\\\/uploads\\\/2010\\\/06\\\/005-peninsule-valdes-argentine.jpg\",\"width\":555,\"height\":364,\"caption\":\"PENINSULE VALDES\"},{\"@type\":\"BreadcrumbList\",\"@id\":\"https:\\\/\\\/abc-latina.com\\\/argentine\\\/peninsule-valdes\\\/#breadcrumb\",\"itemListElement\":[{\"@type\":\"ListItem\",\"position\":1,\"name\":\"Accueil\",\"item\":\"https:\\\/\\\/abc-latina.com\\\/\"},{\"@type\":\"ListItem\",\"position\":2,\"name\":\"PENINSULE VALDES\"}]},{\"@type\":\"WebSite\",\"@id\":\"https:\\\/\\\/abc-latina.com\\\/#website\",\"url\":\"https:\\\/\\\/abc-latina.com\\\/\",\"name\":\"Abc-latina\",\"description\":\"\",\"publisher\":{\"@id\":\"https:\\\/\\\/abc-latina.com\\\/#organization\"},\"potentialAction\":[{\"@type\":\"SearchAction\",\"target\":{\"@type\":\"EntryPoint\",\"urlTemplate\":\"https:\\\/\\\/abc-latina.com\\\/?s={search_term_string}\"},\"query-input\":{\"@type\":\"PropertyValueSpecification\",\"valueRequired\":true,\"valueName\":\"search_term_string\"}}],\"inLanguage\":\"fr-FR\"},{\"@type\":\"Organization\",\"@id\":\"https:\\\/\\\/abc-latina.com\\\/#organization\",\"name\":\"Abc-latina\",\"url\":\"https:\\\/\\\/abc-latina.com\\\/\",\"logo\":{\"@type\":\"ImageObject\",\"inLanguage\":\"fr-FR\",\"@id\":\"https:\\\/\\\/abc-latina.com\\\/#\\\/schema\\\/logo\\\/image\\\/\",\"url\":\"https:\\\/\\\/abc-latina.com\\\/wp-content\\\/uploads\\\/2026\\\/05\\\/cropped-logo.gif\",\"contentUrl\":\"https:\\\/\\\/abc-latina.com\\\/wp-content\\\/uploads\\\/2026\\\/05\\\/cropped-logo.gif\",\"width\":89,\"height\":84,\"caption\":\"Abc-latina\"},\"image\":{\"@id\":\"https:\\\/\\\/abc-latina.com\\\/#\\\/schema\\\/logo\\\/image\\\/\"}}]}<\/script>\n<!-- \/ Yoast SEO plugin. -->","yoast_head_json":{"title":"PENINSULE VALDES - Abc-latina","description":"La P\u00e9ninsule Vald\u00e9s est sans doute l'un des endroits au monde les plus exceptionnels pour pouvoir approcher la faune marine...","robots":{"index":"index","follow":"follow","max-snippet":"max-snippet:-1","max-image-preview":"max-image-preview:large","max-video-preview":"max-video-preview:-1"},"canonical":"https:\/\/abc-latina.com\/argentine\/peninsule-valdes\/","og_locale":"fr_FR","og_type":"article","og_title":"PENINSULE VALDES - Abc-latina","og_description":"La P\u00e9ninsule Vald\u00e9s est sans doute l'un des endroits au monde les plus exceptionnels pour pouvoir approcher la faune marine...","og_url":"https:\/\/abc-latina.com\/argentine\/peninsule-valdes\/","og_site_name":"Abc-latina","article_modified_time":"2026-04-30T16:24:45+00:00","og_image":[{"width":555,"height":364,"url":"https:\/\/abc-latina.com\/wp-content\/uploads\/2010\/06\/005-peninsule-valdes-argentine.jpg","type":"image\/jpeg"}],"twitter_card":"summary_large_image","twitter_misc":{"Dur\u00e9e de lecture estim\u00e9e":"1 minute"},"schema":{"@context":"https:\/\/schema.org","@graph":[{"@type":"WebPage","@id":"https:\/\/abc-latina.com\/argentine\/peninsule-valdes\/","url":"https:\/\/abc-latina.com\/argentine\/peninsule-valdes\/","name":"PENINSULE VALDES - Abc-latina","isPartOf":{"@id":"https:\/\/abc-latina.com\/#website"},"primaryImageOfPage":{"@id":"https:\/\/abc-latina.com\/argentine\/peninsule-valdes\/#primaryimage"},"image":{"@id":"https:\/\/abc-latina.com\/argentine\/peninsule-valdes\/#primaryimage"},"thumbnailUrl":"https:\/\/abc-latina.com\/wp-content\/uploads\/2010\/06\/005-peninsule-valdes-argentine.jpg","datePublished":"2010-06-01T02:45:26+00:00","dateModified":"2026-04-30T16:24:45+00:00","description":"La P\u00e9ninsule Vald\u00e9s est sans doute l'un des endroits au monde les plus exceptionnels pour pouvoir approcher la faune marine...","breadcrumb":{"@id":"https:\/\/abc-latina.com\/argentine\/peninsule-valdes\/#breadcrumb"},"inLanguage":"fr-FR","potentialAction":[{"@type":"ReadAction","target":["https:\/\/abc-latina.com\/argentine\/peninsule-valdes\/"]}]},{"@type":"ImageObject","inLanguage":"fr-FR","@id":"https:\/\/abc-latina.com\/argentine\/peninsule-valdes\/#primaryimage","url":"https:\/\/abc-latina.com\/wp-content\/uploads\/2010\/06\/005-peninsule-valdes-argentine.jpg","contentUrl":"https:\/\/abc-latina.com\/wp-content\/uploads\/2010\/06\/005-peninsule-valdes-argentine.jpg","width":555,"height":364,"caption":"PENINSULE VALDES"},{"@type":"BreadcrumbList","@id":"https:\/\/abc-latina.com\/argentine\/peninsule-valdes\/#breadcrumb","itemListElement":[{"@type":"ListItem","position":1,"name":"Accueil","item":"https:\/\/abc-latina.com\/"},{"@type":"ListItem","position":2,"name":"PENINSULE VALDES"}]},{"@type":"WebSite","@id":"https:\/\/abc-latina.com\/#website","url":"https:\/\/abc-latina.com\/","name":"Abc-latina","description":"","publisher":{"@id":"https:\/\/abc-latina.com\/#organization"},"potentialAction":[{"@type":"SearchAction","target":{"@type":"EntryPoint","urlTemplate":"https:\/\/abc-latina.com\/?s={search_term_string}"},"query-input":{"@type":"PropertyValueSpecification","valueRequired":true,"valueName":"search_term_string"}}],"inLanguage":"fr-FR"},{"@type":"Organization","@id":"https:\/\/abc-latina.com\/#organization","name":"Abc-latina","url":"https:\/\/abc-latina.com\/","logo":{"@type":"ImageObject","inLanguage":"fr-FR","@id":"https:\/\/abc-latina.com\/#\/schema\/logo\/image\/","url":"https:\/\/abc-latina.com\/wp-content\/uploads\/2026\/05\/cropped-logo.gif","contentUrl":"https:\/\/abc-latina.com\/wp-content\/uploads\/2026\/05\/cropped-logo.gif","width":89,"height":84,"caption":"Abc-latina"},"image":{"@id":"https:\/\/abc-latina.com\/#\/schema\/logo\/image\/"}}]}},"_links":{"self":[{"href":"https:\/\/abc-latina.com\/wp-json\/wp\/v2\/pages\/99","targetHints":{"allow":["GET"]}}],"collection":[{"href":"https:\/\/abc-latina.com\/wp-json\/wp\/v2\/pages"}],"about":[{"href":"https:\/\/abc-latina.com\/wp-json\/wp\/v2\/types\/page"}],"author":[{"embeddable":true,"href":"https:\/\/abc-latina.com\/wp-json\/wp\/v2\/users\/3"}],"replies":[{"embeddable":true,"href":"https:\/\/abc-latina.com\/wp-json\/wp\/v2\/comments?post=99"}],"version-history":[{"count":1,"href":"https:\/\/abc-latina.com\/wp-json\/wp\/v2\/pages\/99\/revisions"}],"predecessor-version":[{"id":3068,"href":"https:\/\/abc-latina.com\/wp-json\/wp\/v2\/pages\/99\/revisions\/3068"}],"up":[{"embeddable":true,"href":"https:\/\/abc-latina.com\/wp-json\/wp\/v2\/pages\/39"}],"wp:featuredmedia":[{"embeddable":true,"href":"https:\/\/abc-latina.com\/wp-json\/wp\/v2\/media\/98"}],"wp:attachment":[{"href":"https:\/\/abc-latina.com\/wp-json\/wp\/v2\/media?parent=99"}],"curies":[{"name":"wp","href":"https:\/\/api.w.org\/{rel}","templated":true}]}}